{"id":3583,"date":"2024-12-29T17:16:03","date_gmt":"2024-12-29T17:16:03","guid":{"rendered":"https:\/\/zivella.uz\/kontaktlar\/"},"modified":"2025-10-05T19:56:53","modified_gmt":"2025-10-05T19:56:53","slug":"kontaktlar","status":"publish","type":"page","link":"https:\/\/zivella.uz\/uz\/kontaktlar\/","title":{"rendered":"Kontaktlar"},"content":{"rendered":"<p><div class=\"fusion-fullwidth fullwidth-box fusion-builder-row-1 fusion-flex-container has-pattern-background has-mask-background hundred-percent-fullwidth non-hundred-percent-height-scrolling\" style=\"--link_hover_color: #000000;--link_color: #54565a;--awb-border-radius-top-left:0px;--awb-border-radius-top-right:0px;--awb-border-radius-bottom-right:0px;--awb-border-radius-bottom-left:0px;--awb-padding-left:50px;--awb-padding-right-small:15px;--awb-padding-left-small:15px;--awb-flex-wrap:wrap;\" ><div class=\"fusion-builder-row fusion-row fusion-flex-align-items-stretch fusion-flex-content-wrap\" style=\"width:104% !important;max-width:104% !important;margin-left: calc(-4% \/ 2 );margin-right: calc(-4% \/ 2 );\"><div class=\"fusion-layout-column fusion_builder_column fusion-builder-column-0 fusion_builder_column_1_1 1_1 fusion-flex-column\" style=\"--awb-bg-size:cover;--awb-width-large:100%;--awb-margin-top-large:0px;--awb-spacing-right-large:1.92%;--awb-margin-bottom-large:20px;--awb-spacing-left-large:1.92%;--awb-width-medium:100%;--awb-order-medium:0;--awb-spacing-right-medium:1.92%;--awb-spacing-left-medium:1.92%;--awb-width-small:100%;--awb-order-small:0;--awb-spacing-right-small:1.92%;--awb-spacing-left-small:1.92%;\"><div class=\"fusion-column-wrapper fusion-column-has-shadow fusion-flex-justify-content-flex-start fusion-content-layout-column\"><div class=\"fusion-title title fusion-title-1 fusion-sep-none fusion-title-center fusion-title-text fusion-title-size-one mob-ttl\" style=\"--awb-font-size:30px;\"><h1 class=\"fusion-title-heading title-heading-center\" style=\"margin:0;font-size:1em;text-transform:capitalize;\">Kontaktlar<\/h1><\/div><\/div><\/div><div class=\"fusion-layout-column fusion_builder_column fusion-builder-column-1 fusion_builder_column_1_3 1_3 fusion-flex-column\" style=\"--awb-padding-right:15px;--awb-padding-left:15px;--awb-bg-size:cover;--awb-border-color:#b8b8b8;--awb-border-top:1px;--awb-border-right:1px;--awb-border-bottom:1px;--awb-border-left:1px;--awb-border-style:solid;--awb-width-large:33.333333333333%;--awb-margin-top-large:0px;--awb-spacing-right-large:0px;--awb-margin-bottom-large:0px;--awb-spacing-left-large:0px;--awb-width-medium:33.333333333333%;--awb-order-medium:0;--awb-spacing-right-medium:0px;--awb-spacing-left-medium:0px;--awb-width-small:100%;--awb-order-small:0;--awb-spacing-right-small:1.92%;--awb-spacing-left-small:1.92%;\" data-scroll-devices=\"small-visibility,medium-visibility,large-visibility\"><div class=\"fusion-column-wrapper fusion-column-has-shadow fusion-flex-justify-content-flex-start fusion-content-layout-column\"><div class=\"fusion-text fusion-text-1\"><h4>Ta\u015fkent \u00d6zbekistan<\/h4>\n<p>Yunusobod, osiyo 9, tashkent T:<br \/>\n<a class=\"telefonnumarasi\" href=\"tel:+998903595353\">+998 90 359 53 53<\/a><br \/>\n<a href=\"https:\/\/yandex.com\/maps\/org\/228509881354?si=aztbhz7uhha33xbbp402g51w2r\" target=\"_blank\" rel=\"noopener\">Xarita<\/a><\/p>\n<\/div><\/div><\/div><div class=\"fusion-layout-column fusion_builder_column fusion-builder-column-2 fusion_builder_column_1_3 1_3 fusion-flex-column\" style=\"--awb-padding-right:15px;--awb-padding-left:15px;--awb-bg-size:cover;--awb-border-color:#b8b8b8;--awb-border-top:1px;--awb-border-right:1px;--awb-border-bottom:1px;--awb-border-left:1px;--awb-border-style:solid;--awb-width-large:33.333333333333%;--awb-margin-top-large:0px;--awb-spacing-right-large:0px;--awb-margin-bottom-large:0px;--awb-spacing-left-large:0px;--awb-width-medium:33.333333333333%;--awb-order-medium:0;--awb-spacing-right-medium:0px;--awb-spacing-left-medium:0px;--awb-width-small:100%;--awb-order-small:0;--awb-spacing-right-small:1.92%;--awb-spacing-left-small:1.92%;\" data-scroll-devices=\"small-visibility,medium-visibility,large-visibility\"><div class=\"fusion-column-wrapper fusion-column-has-shadow fusion-flex-justify-content-flex-start fusion-content-layout-column\"><div class=\"fusion-text fusion-text-2\"><h4>\u0130stanbul (Avrupa)<\/h4>\n<p>Masko 7\/A Blok No: 40-42-44 \u0130kitelli \/ \u0130stanbul T: <a class=\"telefonnumarasi\" href=\"tel:+902129161033\">+90 212 916 10 33<\/a><br \/>\nF:<br \/>\n<a class=\"telefonnumarasi\" href=\"tel:+902126751202\">+90 212 675 12 02<\/a><br \/>\n<a href=\"https:\/\/google.com\/maps\/place\/Zivella+-+Masko+Ma%C4%9Faza\/@41.066609,28.794932,14z\/data=!4m14!1m7!3m6!1s0x14caa56e2f50fd81:0xaf528b48268d4017!2sZivella+-+Masko+Ma%C4%9Faza!8m2!3d41.0676443!4d28.7968202!16s%2Fg%2F1tj9wk4t!3m5!1s0x14caa56e2f50fd81:0xaf528b48268d4017!8m2!3d41.0676443!4d28.7968202!16s%2Fg%2F1tj9wk4t?hl=tr&amp;entry=ttu&amp;g_ep=EgoyMDI0MTIxMS4wIKXMDSoASAFQAw%3D%3D\" target=\"_blank\" rel=\"noopener\">\u043a\u0430\u0440\u0442\u0430<\/a><\/p>\n<\/div><\/div><\/div><div class=\"fusion-layout-column fusion_builder_column fusion-builder-column-3 fusion_builder_column_1_3 1_3 fusion-flex-column\" style=\"--awb-padding-right:15px;--awb-padding-left:15px;--awb-bg-size:cover;--awb-border-color:#b8b8b8;--awb-border-top:1px;--awb-border-right:1px;--awb-border-bottom:1px;--awb-border-left:1px;--awb-border-style:solid;--awb-width-large:33.333333333333%;--awb-margin-top-large:0px;--awb-spacing-right-large:0px;--awb-margin-bottom-large:0px;--awb-spacing-left-large:0px;--awb-width-medium:33.333333333333%;--awb-order-medium:0;--awb-spacing-right-medium:0px;--awb-spacing-left-medium:0px;--awb-width-small:100%;--awb-order-small:0;--awb-spacing-right-small:1.92%;--awb-spacing-left-small:1.92%;\" data-scroll-devices=\"small-visibility,medium-visibility,large-visibility\"><div class=\"fusion-column-wrapper fusion-column-has-shadow fusion-flex-justify-content-flex-start fusion-content-layout-column\"><div class=\"fusion-text fusion-text-3\"><h4>\u0130stanbul (Asya)<\/h4>\n<p>\u00d6rnek Mah. Fehmi Tokay Cad. No:2\/4A Ata\u015fehir\/\u0130stanbul<br \/>\nT:<a class=\"telefonnumarasi\" href=\"tel:+905423789094\">+90 542 378 90 94<\/a><br \/>\n<a href=\"https:\/\/www.google.com\/maps?ll=40.995634,29.074639&amp;z=16&amp;t=m&amp;hl=tr&amp;gl=TR&amp;mapclient=embed&amp;cid=2775490557905931142\" target=\"_blank\" rel=\"noopener\">Xarita<\/a><\/p>\n<\/div><\/div><\/div><div class=\"fusion-layout-column fusion_builder_column fusion-builder-column-4 fusion_builder_column_1_3 1_3 fusion-flex-column\" style=\"--awb-padding-right:15px;--awb-padding-left:15px;--awb-bg-size:cover;--awb-border-color:#b8b8b8;--awb-border-top:1px;--awb-border-right:1px;--awb-border-bottom:1px;--awb-border-left:1px;--awb-border-style:solid;--awb-width-large:33.333333333333%;--awb-margin-top-large:0px;--awb-spacing-right-large:0px;--awb-margin-bottom-large:0px;--awb-spacing-left-large:0px;--awb-width-medium:33.333333333333%;--awb-order-medium:0;--awb-spacing-right-medium:0px;--awb-spacing-left-medium:0px;--awb-width-small:100%;--awb-order-small:0;--awb-spacing-right-small:1.92%;--awb-spacing-left-small:1.92%;\" data-scroll-devices=\"small-visibility,medium-visibility,large-visibility\"><div class=\"fusion-column-wrapper fusion-column-has-shadow fusion-flex-justify-content-flex-start fusion-content-layout-column\"><div class=\"fusion-text fusion-text-4\"><h4>Bak\u00fc Azerbaycan<\/h4>\n<p>Atat\u00fcrk Prospekti 114 Gen\u00e7lik Bak\u00fc \/ Azerbaycan T:<br \/>\n<a class=\"telefonnumarasi\" href=\"tel:+994125635353\">+99 412 563 53 53<\/a><br \/>\n<a href=\"https:\/\/www.google.com\/maps\/@40.409378,49.849359,14z?hl=tr&amp;entry=ttu&amp;g_ep=EgoyMDI0MTIxMS4wIKXMDSoASAFQAw%3D%3D\" target=\"_blank\" rel=\"noopener\">Xarita<\/a><\/p>\n<\/div><\/div><\/div><div class=\"fusion-layout-column fusion_builder_column fusion-builder-column-5 fusion_builder_column_1_3 1_3 fusion-flex-column\" style=\"--awb-padding-right:15px;--awb-padding-left:15px;--awb-bg-size:cover;--awb-border-color:#b8b8b8;--awb-border-top:1px;--awb-border-right:1px;--awb-border-bottom:1px;--awb-border-left:1px;--awb-border-style:solid;--awb-width-large:33.333333333333%;--awb-margin-top-large:0px;--awb-spacing-right-large:0px;--awb-margin-bottom-large:0px;--awb-spacing-left-large:0px;--awb-width-medium:33.333333333333%;--awb-order-medium:0;--awb-spacing-right-medium:0px;--awb-spacing-left-medium:0px;--awb-width-small:100%;--awb-order-small:0;--awb-spacing-right-small:1.92%;--awb-spacing-left-small:1.92%;\" data-scroll-devices=\"small-visibility,medium-visibility,large-visibility\"><div class=\"fusion-column-wrapper fusion-column-has-shadow fusion-flex-justify-content-flex-start fusion-content-layout-column\"><div class=\"fusion-text fusion-text-5\"><h4>Ankara<\/h4>\n<p>K\u0131z\u0131l\u0131rmak Mah. Muhsin Yaz\u0131c\u0131o\u011flu Cad. 1436 Sok. No: 6\/C \u00c7ukurambar \u00c7ankaya \/ Ankara<br \/>\nT:<a class=\"telefonnumarasi\" href=\"tel:+903129850655\">+90 312 985 06 55<\/a><br \/>\n<a href=\"https:\/\/www.google.com\/maps?ll=39.904041,32.810229&amp;z=16&amp;t=m&amp;hl=tr&amp;gl=TR&amp;mapclient=embed&amp;cid=6937984280714855269\" target=\"_blank\" rel=\"noopener\">Xarita<\/a><\/p>\n<\/div><\/div><\/div><div class=\"fusion-layout-column fusion_builder_column fusion-builder-column-6 fusion_builder_column_1_3 1_3 fusion-flex-column\" style=\"--awb-padding-right:15px;--awb-padding-left:15px;--awb-bg-size:cover;--awb-border-color:#b8b8b8;--awb-border-top:1px;--awb-border-right:1px;--awb-border-bottom:1px;--awb-border-left:1px;--awb-border-style:solid;--awb-width-large:33.333333333333%;--awb-margin-top-large:0px;--awb-spacing-right-large:0px;--awb-margin-bottom-large:0px;--awb-spacing-left-large:0px;--awb-width-medium:33.333333333333%;--awb-order-medium:0;--awb-spacing-right-medium:0px;--awb-spacing-left-medium:0px;--awb-width-small:100%;--awb-order-small:0;--awb-spacing-right-small:1.92%;--awb-spacing-left-small:1.92%;\" data-scroll-devices=\"small-visibility,medium-visibility,large-visibility\"><div class=\"fusion-column-wrapper fusion-column-has-shadow fusion-flex-justify-content-flex-start fusion-content-layout-column\"><div class=\"fusion-text fusion-text-6\"><h4>Rize<\/h4>\n<p>Portakall\u0131k Mah. Menderes Bulvar\u0131 No: 424\/A Merkez \/ Rize<br \/>\nT:<a class=\"telefonnumarasi\" href=\"tel:+904642131313\">+90 464 213 13 13<\/a><br \/>\nF:<a class=\"telefonnumarasi\" href=\"tel:+904642132695\">+90 464 213 26 95<\/a><br \/>\n<a href=\"https:\/\/www.google.com\/maps?ll=41.031116,40.554551&amp;z=16&amp;t=m&amp;hl=tr&amp;gl=TR&amp;mapclient=embed&amp;q=Menderes+Blv.+No:424+Portakall%C4%B1k+53020+Rize+Merkez\/Rize\" target=\"_blank\" rel=\"noopener\">Xarita<\/a><\/p>\n<\/div><\/div><\/div><div class=\"fusion-layout-column fusion_builder_column fusion-builder-column-7 fusion_builder_column_1_3 1_3 fusion-flex-column\" style=\"--awb-padding-right:15px;--awb-padding-left:15px;--awb-bg-size:cover;--awb-border-color:#b8b8b8;--awb-border-top:1px;--awb-border-right:1px;--awb-border-bottom:1px;--awb-border-left:1px;--awb-border-style:solid;--awb-width-large:33.333333333333%;--awb-margin-top-large:0px;--awb-spacing-right-large:0px;--awb-margin-bottom-large:0px;--awb-spacing-left-large:0px;--awb-width-medium:33.333333333333%;--awb-order-medium:0;--awb-spacing-right-medium:0px;--awb-spacing-left-medium:0px;--awb-width-small:100%;--awb-order-small:0;--awb-spacing-right-small:1.92%;--awb-spacing-left-small:1.92%;\" data-scroll-devices=\"small-visibility,medium-visibility,large-visibility\"><div class=\"fusion-column-wrapper fusion-column-has-shadow fusion-flex-justify-content-flex-start fusion-content-layout-column\"><div class=\"fusion-text fusion-text-7\"><h4>Londra \u0130ngiltere<\/h4>\n<p>3-7 Market St Watford Herts WD18 0PA \u0130ngiltere<br \/>\nE:<a class=\"telefonnumarasi\" href=\"mailto:david.peck@zivella.co.uk\">david.peck@zivella.co.uk<\/a><br \/>\n<a href=\"https:\/\/www.google.com\/maps?ll=51.655346,-0.396975&amp;z=17&amp;t=m&amp;hl=tr&amp;gl=TR&amp;mapclient=embed&amp;cid=900850683317603258\" target=\"_blank\" rel=\"noopener\">Xarita<\/a><\/p>\n<\/div><\/div><\/div><div class=\"fusion-layout-column fusion_builder_column fusion-builder-column-8 fusion_builder_column_1_3 1_3 fusion-flex-column\" style=\"--awb-padding-right:15px;--awb-padding-left:15px;--awb-bg-size:cover;--awb-border-color:#b8b8b8;--awb-border-top:1px;--awb-border-right:1px;--awb-border-bottom:1px;--awb-border-left:1px;--awb-border-style:solid;--awb-width-large:33.333333333333%;--awb-margin-top-large:0px;--awb-spacing-right-large:0px;--awb-margin-bottom-large:0px;--awb-spacing-left-large:0px;--awb-width-medium:33.333333333333%;--awb-order-medium:0;--awb-spacing-right-medium:0px;--awb-spacing-left-medium:0px;--awb-width-small:100%;--awb-order-small:0;--awb-spacing-right-small:1.92%;--awb-spacing-left-small:1.92%;\" data-scroll-devices=\"small-visibility,medium-visibility,large-visibility\"><div class=\"fusion-column-wrapper fusion-column-has-shadow fusion-flex-justify-content-flex-start fusion-content-layout-column\"><div class=\"fusion-text fusion-text-8\"><h4>Konya<\/h4>\n<p>A\u015fkan Mah. Yaka Cad. No: 83\/A<br \/>\nMeram \/ Konya<br \/>\nT:<a class=\"telefonnumarasi\" href=\"tel:+903322355285\">+90 332 235 52 85<\/a><\/p>\n<\/div><\/div><\/div><div class=\"fusion-layout-column fusion_builder_column fusion-builder-column-9 fusion_builder_column_1_3 1_3 fusion-flex-column\" style=\"--awb-padding-right:15px;--awb-padding-left:15px;--awb-bg-size:cover;--awb-border-color:#b8b8b8;--awb-border-top:1px;--awb-border-right:1px;--awb-border-bottom:1px;--awb-border-left:1px;--awb-border-style:solid;--awb-width-large:33.333333333333%;--awb-margin-top-large:0px;--awb-spacing-right-large:0px;--awb-margin-bottom-large:0px;--awb-spacing-left-large:0px;--awb-width-medium:33.333333333333%;--awb-order-medium:0;--awb-spacing-right-medium:0px;--awb-spacing-left-medium:0px;--awb-width-small:100%;--awb-order-small:0;--awb-spacing-right-small:1.92%;--awb-spacing-left-small:1.92%;\" data-scroll-devices=\"small-visibility,medium-visibility,large-visibility\"><div class=\"fusion-column-wrapper fusion-column-has-shadow fusion-flex-justify-content-flex-start fusion-content-layout-column\"><div class=\"fusion-text fusion-text-9\"><h4>Antalya<\/h4>\n<p>Ye\u015filova Mah. Aspendos Bulvar\u0131 No:140\/C<br \/>\nMuratpa\u015fa \/ Antalya<br \/>\nT:<a class=\"telefonnumarasi\" href=\"tel:+902423130323\">+90 242 313 03 23<\/a><br \/>\nF:<a class=\"telefonnumarasi\" href=\"tel:+902423130324\">+90 242 313 03 24<\/a><\/p>\n<\/div><\/div><\/div><\/div><\/div><div class=\"fusion-fullwidth fullwidth-box fusion-builder-row-2 fusion-flex-container has-pattern-background has-mask-background nonhundred-percent-fullwidth non-hundred-percent-height-scrolling\" style=\"--awb-border-radius-top-left:0px;--awb-border-radius-top-right:0px;--awb-border-radius-bottom-right:0px;--awb-border-radius-bottom-left:0px;--awb-flex-wrap:wrap;\" ><div class=\"fusion-builder-row fusion-row fusion-flex-align-items-center fusion-flex-justify-content-center fusion-flex-content-wrap\" style=\"max-width:1466.4px;margin-left: calc(-4% \/ 2 );margin-right: calc(-4% \/ 2 );\"><div class=\"fusion-layout-column fusion_builder_column fusion-builder-column-10 fusion_builder_column_1_2 1_2 fusion-flex-column\" style=\"--awb-bg-size:cover;--awb-width-large:50%;--awb-margin-top-large:0px;--awb-spacing-right-large:3.84%;--awb-margin-bottom-large:20px;--awb-spacing-left-large:3.84%;--awb-width-medium:50%;--awb-order-medium:0;--awb-spacing-right-medium:3.84%;--awb-spacing-left-medium:3.84%;--awb-width-small:100%;--awb-order-small:0;--awb-spacing-right-small:1.92%;--awb-spacing-left-small:1.92%;\"><div class=\"fusion-column-wrapper fusion-column-has-shadow fusion-flex-justify-content-flex-start fusion-content-layout-column\"><\/div><\/div><\/div><\/div><\/p>\n","protected":false},"excerpt":{"rendered":"","protected":false},"author":1,"featured_media":0,"parent":0,"menu_order":0,"comment_status":"closed","ping_status":"closed","template":"100-width.php","meta":{"_acf_changed":false,"footnotes":""},"class_list":["post-3583","page","type-page","status-publish","hentry"],"acf":[],"yoast_head":"<!-- This site is optimized with the Yoast SEO plugin v24.1 - https:\/\/yoast.com\/wordpress\/plugins\/seo\/ -->\n<title>Kontaktlar - Zivella<\/title>\n<meta name=\"robots\" content=\"index, follow, max-snippet:-1, max-image-preview:large, max-video-preview:-1\" \/>\n<link rel=\"canonical\" href=\"https:\/\/zivella.uz\/uz\/kontaktlar\/\" \/>\n<meta property=\"og:locale\" content=\"uz_UZ\" \/>\n<meta property=\"og:type\" content=\"article\" \/>\n<meta property=\"og:title\" content=\"Kontaktlar - Zivella\" \/>\n<meta property=\"og:url\" content=\"https:\/\/zivella.uz\/uz\/kontaktlar\/\" \/>\n<meta property=\"og:site_name\" content=\"Zivella\" \/>\n<meta property=\"article:modified_time\" content=\"2025-10-05T19:56:53+00:00\" \/>\n<meta name=\"twitter:card\" content=\"summary_large_image\" \/>\n<meta name=\"twitter:label1\" content=\"Est. reading time\" \/>\n\t<meta name=\"twitter:data1\" content=\"1 daqiqa\" \/>\n<script type=\"application\/ld+json\" class=\"yoast-schema-graph\">{\"@context\":\"https:\/\/schema.org\",\"@graph\":[{\"@type\":\"WebPage\",\"@id\":\"https:\/\/zivella.uz\/uz\/kontaktlar\/\",\"url\":\"https:\/\/zivella.uz\/uz\/kontaktlar\/\",\"name\":\"Kontaktlar - Zivella\",\"isPartOf\":{\"@id\":\"https:\/\/zivella.uz\/#website\"},\"datePublished\":\"2024-12-29T17:16:03+00:00\",\"dateModified\":\"2025-10-05T19:56:53+00:00\",\"breadcrumb\":{\"@id\":\"https:\/\/zivella.uz\/uz\/kontaktlar\/#breadcrumb\"},\"inLanguage\":\"uz-UZ\",\"potentialAction\":[{\"@type\":\"ReadAction\",\"target\":[\"https:\/\/zivella.uz\/uz\/kontaktlar\/\"]}]},{\"@type\":\"BreadcrumbList\",\"@id\":\"https:\/\/zivella.uz\/uz\/kontaktlar\/#breadcrumb\",\"itemListElement\":[{\"@type\":\"ListItem\",\"position\":1,\"name\":\"\u0413\u043b\u0430\u0432\u043d\u0430\u044f\",\"item\":\"https:\/\/zivella.uz\/uz\/ofis-mebellari-zivella\/\"},{\"@type\":\"ListItem\",\"position\":2,\"name\":\"Kontaktlar\"}]},{\"@type\":\"WebSite\",\"@id\":\"https:\/\/zivella.uz\/#website\",\"url\":\"https:\/\/zivella.uz\/\",\"name\":\"Zivella\",\"description\":\"\u041e\u0444\u0438\u0441\u043d\u0430\u044f \u043c\u0435\u0431\u0435\u043b\u044c\",\"potentialAction\":[{\"@type\":\"SearchAction\",\"target\":{\"@type\":\"EntryPoint\",\"urlTemplate\":\"https:\/\/zivella.uz\/?s={search_term_string}\"},\"query-input\":{\"@type\":\"PropertyValueSpecification\",\"valueRequired\":true,\"valueName\":\"search_term_string\"}}],\"inLanguage\":\"uz-UZ\"}]}<\/script>\n<!-- \/ Yoast SEO plugin. -->","yoast_head_json":{"title":"Kontaktlar - Zivella","robots":{"index":"index","follow":"follow","max-snippet":"max-snippet:-1","max-image-preview":"max-image-preview:large","max-video-preview":"max-video-preview:-1"},"canonical":"https:\/\/zivella.uz\/uz\/kontaktlar\/","og_locale":"uz_UZ","og_type":"article","og_title":"Kontaktlar - Zivella","og_url":"https:\/\/zivella.uz\/uz\/kontaktlar\/","og_site_name":"Zivella","article_modified_time":"2025-10-05T19:56:53+00:00","twitter_card":"summary_large_image","twitter_misc":{"Est. reading time":"1 daqiqa"},"schema":{"@context":"https:\/\/schema.org","@graph":[{"@type":"WebPage","@id":"https:\/\/zivella.uz\/uz\/kontaktlar\/","url":"https:\/\/zivella.uz\/uz\/kontaktlar\/","name":"Kontaktlar - Zivella","isPartOf":{"@id":"https:\/\/zivella.uz\/#website"},"datePublished":"2024-12-29T17:16:03+00:00","dateModified":"2025-10-05T19:56:53+00:00","breadcrumb":{"@id":"https:\/\/zivella.uz\/uz\/kontaktlar\/#breadcrumb"},"inLanguage":"uz-UZ","potentialAction":[{"@type":"ReadAction","target":["https:\/\/zivella.uz\/uz\/kontaktlar\/"]}]},{"@type":"BreadcrumbList","@id":"https:\/\/zivella.uz\/uz\/kontaktlar\/#breadcrumb","itemListElement":[{"@type":"ListItem","position":1,"name":"\u0413\u043b\u0430\u0432\u043d\u0430\u044f","item":"https:\/\/zivella.uz\/uz\/ofis-mebellari-zivella\/"},{"@type":"ListItem","position":2,"name":"Kontaktlar"}]},{"@type":"WebSite","@id":"https:\/\/zivella.uz\/#website","url":"https:\/\/zivella.uz\/","name":"Zivella","description":"\u041e\u0444\u0438\u0441\u043d\u0430\u044f \u043c\u0435\u0431\u0435\u043b\u044c","potentialAction":[{"@type":"SearchAction","target":{"@type":"EntryPoint","urlTemplate":"https:\/\/zivella.uz\/?s={search_term_string}"},"query-input":{"@type":"PropertyValueSpecification","valueRequired":true,"valueName":"search_term_string"}}],"inLanguage":"uz-UZ"}]}},"_links":{"self":[{"href":"https:\/\/zivella.uz\/uz\/wp-json\/wp\/v2\/pages\/3583","targetHints":{"allow":["GET"]}}],"collection":[{"href":"https:\/\/zivella.uz\/uz\/wp-json\/wp\/v2\/pages"}],"about":[{"href":"https:\/\/zivella.uz\/uz\/wp-json\/wp\/v2\/types\/page"}],"author":[{"embeddable":true,"href":"https:\/\/zivella.uz\/uz\/wp-json\/wp\/v2\/users\/1"}],"replies":[{"embeddable":true,"href":"https:\/\/zivella.uz\/uz\/wp-json\/wp\/v2\/comments?post=3583"}],"version-history":[{"count":0,"href":"https:\/\/zivella.uz\/uz\/wp-json\/wp\/v2\/pages\/3583\/revisions"}],"wp:attachment":[{"href":"https:\/\/zivella.uz\/uz\/wp-json\/wp\/v2\/media?parent=3583"}],"curies":[{"name":"wp","href":"https:\/\/api.w.org\/{rel}","templated":true}]}}